{"id":98,"date":"2011-10-27T19:55:25","date_gmt":"2011-10-27T19:55:25","guid":{"rendered":"http:\/\/markuseinolf.de\/praxis\/?page_id=98"},"modified":"2012-03-03T11:39:45","modified_gmt":"2012-03-03T11:39:45","slug":"massage","status":"publish","type":"page","link":"https:\/\/markuseinolf.de\/?page_id=98","title":{"rendered":"Massage"},"content":{"rendered":"<p>Klassische Massage:<\/p>\n<p>Die Massage dient zur mechanischen Beeinflussung von Haut, Bindegewebe und Muskulatur durch Dehnungs-, Zug- und Druckreiz. Die Wirkung der Massage erstreckt sich von der behandelten Stelle des K\u00f6rpers \u00fcber den gesamten Organismus und schlie\u00dft auch die Psyche mit ein.<\/p>\n<p>Bindegewebsmassage:<\/p>\n<p>Sie geh\u00f6rt zu dem gro\u00dfen Gebiet der Reflexzonentherapie und beruht auf der Erkenntnis, dass Erkrankungen der inneren Organe und Organsysteme im zugeh\u00f6rigen Segment erh\u00f6hte Spannungen im Bindegewebe erzeugt.<br \/>\nMit einer speziellen Technik werden diese Spannungen im Gewebe gel\u00f6st und wirken reflektorisch auf das Organ\/Organsystem entspannend.<\/p>\n<p>Colonmassage:<\/p>\n<p>Eine tiefe Bauchmassage in Verbindung mit der Ausatmung hilft bei St\u00f6rungen der Darmt\u00e4tigkeit und krankheitsbedingter Darmtr\u00e4gheit, ebenso hat sie einen gro\u00dfen Stellenwert in der Reflexzonentherapie.<br \/>\nSanfte Bewegungen f\u00f6rdern die nat\u00fcrlichen muskul\u00e4ren Darmbewegungen und sorgen f\u00fc Entspannung.<\/p>\n<p>Fu\u00dfreflexzonenmassage:<\/p>\n<p>Die chinesische Medizin arbeitet seit Jahrhunderten erfolgreich mit der gezielten Stimulation der Fu\u00dfreflexzonen.<br \/>\nGezielte punktuelle, sanfte Stimulation und Massage dieser K\u00f6rperknotenpunkte lindert und beseitigt k\u00f6rperliche Beschwerden.<br \/>\nVerlorene Energie wird energetisch reaktiviert und freigesetzt.<\/p>\n","protected":false},"excerpt":{"rendered":"<p>Klassische Massage: Die Massage dient zur mechanischen Beeinflussung von Haut, Bindegewebe und Muskulatur durch Dehnungs-, Zug- und Druckreiz. Die Wirkung der Massage erstreckt sich von der behandelten Stelle des K\u00f6rpers \u00fcber den gesamten Organismus und schlie\u00dft auch die Psyche mit &hellip; <a href=\"https:\/\/markuseinolf.de\/?page_id=98\">Weiterlesen <span class=\"meta-nav\">&rarr;<\/span><\/a><\/p>\n","protected":false},"author":2,"featured_media":220,"parent":53,"menu_order":0,"comment_status":"closed","ping_status":"closed","template":"","meta":{"footnotes":""},"class_list":["post-98","page","type-page","status-publish","has-post-thumbnail","hentry"],"_links":{"self":[{"href":"https:\/\/markuseinolf.de\/index.php?rest_route=\/wp\/v2\/pages\/98","targetHints":{"allow":["GET"]}}],"collection":[{"href":"https:\/\/markuseinolf.de\/index.php?rest_route=\/wp\/v2\/pages"}],"about":[{"href":"https:\/\/markuseinolf.de\/index.php?rest_route=\/wp\/v2\/types\/page"}],"author":[{"embeddable":true,"href":"https:\/\/markuseinolf.de\/index.php?rest_route=\/wp\/v2\/users\/2"}],"replies":[{"embeddable":true,"href":"https:\/\/markuseinolf.de\/index.php?rest_route=%2Fwp%2Fv2%2Fcomments&post=98"}],"version-history":[{"count":6,"href":"https:\/\/markuseinolf.de\/index.php?rest_route=\/wp\/v2\/pages\/98\/revisions"}],"predecessor-version":[{"id":320,"href":"https:\/\/markuseinolf.de\/index.php?rest_route=\/wp\/v2\/pages\/98\/revisions\/320"}],"up":[{"embeddable":true,"href":"https:\/\/markuseinolf.de\/index.php?rest_route=\/wp\/v2\/pages\/53"}],"wp:featuredmedia":[{"embeddable":true,"href":"https:\/\/markuseinolf.de\/index.php?rest_route=\/wp\/v2\/media\/220"}],"wp:attachment":[{"href":"https:\/\/markuseinolf.de\/index.php?rest_route=%2Fwp%2Fv2%2Fmedia&parent=98"}],"curies":[{"name":"wp","href":"https:\/\/api.w.org\/{rel}","templated":true}]}}