{"id":87,"date":"2011-10-27T19:25:33","date_gmt":"2011-10-27T19:25:33","guid":{"rendered":"http:\/\/markuseinolf.de\/praxis\/?page_id=87"},"modified":"2012-03-03T11:38:28","modified_gmt":"2012-03-03T11:38:28","slug":"chiropraktik-nach-dr-ackermann","status":"publish","type":"page","link":"https:\/\/markuseinolf.de\/?page_id=87","title":{"rendered":"Chiropraktik nach Dr. Ackermann"},"content":{"rendered":"<p>Die Wirbels\u00e4ule als Zentrum unseres Knochenger\u00fcsts beherbergt unsere R\u00fcckenmarksnerven, die wiederum unsere Organe und Gelenke beeinflussen. Fehlstellungen der Wirbels\u00e4ule und des Beckens \u00e4u\u00dfern sich daher oft nicht nur in &#8222;R\u00fcckenschmerzen&#8220;, sondern sind Ausl\u00f6ser vieler Folgekrankheiten.<\/p>\n<p>Eine moderne und zielgerichtete Technik der strukturellen Osteopathie und Chiropraktik.<\/p>\n<p>Es gibt keine Scher- oder Schleudergriffe.<br \/>\nAlle Griffe kommen aus einer Vorspannung heraus zum Einsatz.<br \/>\nEs wird bei jeder Behandlung die gesamte Wirbels\u00e4ule vom ISG bis zu den Kopfgelenken behandelt.<br \/>\nEine ganze Behandlung dauert 30 &#8211; 40 Minuten, nicht 1 1\/2 bis 2 Minuten.<br \/>\nNach einer Behandlung wird zwei Wochen lang nicht mehr chiropraktisch behandelt.<br \/>\nWenn nach 3 Behandlungen nicht mindestens 80 %ige Besserung eintritt, braucht es ein R\u00f6ntgenbild oder sonstige Abkl\u00e4rung.<br \/>\nDie chiropraktische Behandlung ist das Mittel der Wahl zur Behandlung erworbener Skelettfehlstellungen.<\/p>\n","protected":false},"excerpt":{"rendered":"<p>Die Wirbels\u00e4ule als Zentrum unseres Knochenger\u00fcsts beherbergt unsere R\u00fcckenmarksnerven, die wiederum unsere Organe und Gelenke beeinflussen. Fehlstellungen der Wirbels\u00e4ule und des Beckens \u00e4u\u00dfern sich daher oft nicht nur in &#8222;R\u00fcckenschmerzen&#8220;, sondern sind Ausl\u00f6ser vieler Folgekrankheiten. Eine moderne und zielgerichtete Technik &hellip; <a href=\"https:\/\/markuseinolf.de\/?page_id=87\">Weiterlesen <span class=\"meta-nav\">&rarr;<\/span><\/a><\/p>\n","protected":false},"author":2,"featured_media":206,"parent":15,"menu_order":0,"comment_status":"closed","ping_status":"closed","template":"","meta":{"footnotes":""},"class_list":["post-87","page","type-page","status-publish","has-post-thumbnail","hentry"],"_links":{"self":[{"href":"https:\/\/markuseinolf.de\/index.php?rest_route=\/wp\/v2\/pages\/87","targetHints":{"allow":["GET"]}}],"collection":[{"href":"https:\/\/markuseinolf.de\/index.php?rest_route=\/wp\/v2\/pages"}],"about":[{"href":"https:\/\/markuseinolf.de\/index.php?rest_route=\/wp\/v2\/types\/page"}],"author":[{"embeddable":true,"href":"https:\/\/markuseinolf.de\/index.php?rest_route=\/wp\/v2\/users\/2"}],"replies":[{"embeddable":true,"href":"https:\/\/markuseinolf.de\/index.php?rest_route=%2Fwp%2Fv2%2Fcomments&post=87"}],"version-history":[{"count":5,"href":"https:\/\/markuseinolf.de\/index.php?rest_route=\/wp\/v2\/pages\/87\/revisions"}],"predecessor-version":[{"id":312,"href":"https:\/\/markuseinolf.de\/index.php?rest_route=\/wp\/v2\/pages\/87\/revisions\/312"}],"up":[{"embeddable":true,"href":"https:\/\/markuseinolf.de\/index.php?rest_route=\/wp\/v2\/pages\/15"}],"wp:featuredmedia":[{"embeddable":true,"href":"https:\/\/markuseinolf.de\/index.php?rest_route=\/wp\/v2\/media\/206"}],"wp:attachment":[{"href":"https:\/\/markuseinolf.de\/index.php?rest_route=%2Fwp%2Fv2%2Fmedia&parent=87"}],"curies":[{"name":"wp","href":"https:\/\/api.w.org\/{rel}","templated":true}]}}