{"id":84,"date":"2011-10-27T18:52:59","date_gmt":"2011-10-27T18:52:59","guid":{"rendered":"http:\/\/markuseinolf.de\/praxis\/?page_id=84"},"modified":"2012-03-22T15:02:39","modified_gmt":"2012-03-22T15:02:39","slug":"n-i-c-e","status":"publish","type":"page","link":"https:\/\/markuseinolf.de\/?page_id=84","title":{"rendered":"N.I.C.E. (Peter Erikson Technik)"},"content":{"rendered":"<p>N.I.C.E. (Neural Integration Control &amp; Enhancement) hat sich aus den Grundlagen der Applied Kinesiology und verschiedenen anderen Spezialmethoden, wie Sacro-Occipital-Technik, Osteopathie und Akupunktur entwickelt. Wenn man sich mit den Wechselwirkungen im menschlichen K\u00f6rper besch\u00e4ftigt, sollte man den Begriff &#8222;Selbsterhaltungstrieb&#8220;, als Kampf- und Flucht- Mechanismus bezeichnet, mit in Erw\u00e4gung ziehen. Wenn es um Selbsterhaltung geht, ist der K\u00f6rper unwillk\u00fcrlich in ein Abwehrsystem eingespannt, wobei s\u00e4mtliche anderen Systeme (Ern\u00e4hrung, Fortpflanzung, Zellregeneration) heruntergefahren werden.<\/p>\n","protected":false},"excerpt":{"rendered":"<p>N.I.C.E. (Neural Integration Control &amp; Enhancement) hat sich aus den Grundlagen der Applied Kinesiology und verschiedenen anderen Spezialmethoden, wie Sacro-Occipital-Technik, Osteopathie und Akupunktur entwickelt. Wenn man sich mit den Wechselwirkungen im menschlichen K\u00f6rper besch\u00e4ftigt, sollte man den Begriff &#8222;Selbsterhaltungstrieb&#8220;, als &hellip; <a href=\"https:\/\/markuseinolf.de\/?page_id=84\">Weiterlesen <span class=\"meta-nav\">&rarr;<\/span><\/a><\/p>\n","protected":false},"author":2,"featured_media":206,"parent":0,"menu_order":0,"comment_status":"closed","ping_status":"closed","template":"","meta":{"footnotes":""},"class_list":["post-84","page","type-page","status-publish","has-post-thumbnail","hentry"],"_links":{"self":[{"href":"https:\/\/markuseinolf.de\/index.php?rest_route=\/wp\/v2\/pages\/84","targetHints":{"allow":["GET"]}}],"collection":[{"href":"https:\/\/markuseinolf.de\/index.php?rest_route=\/wp\/v2\/pages"}],"about":[{"href":"https:\/\/markuseinolf.de\/index.php?rest_route=\/wp\/v2\/types\/page"}],"author":[{"embeddable":true,"href":"https:\/\/markuseinolf.de\/index.php?rest_route=\/wp\/v2\/users\/2"}],"replies":[{"embeddable":true,"href":"https:\/\/markuseinolf.de\/index.php?rest_route=%2Fwp%2Fv2%2Fcomments&post=84"}],"version-history":[{"count":5,"href":"https:\/\/markuseinolf.de\/index.php?rest_route=\/wp\/v2\/pages\/84\/revisions"}],"predecessor-version":[{"id":325,"href":"https:\/\/markuseinolf.de\/index.php?rest_route=\/wp\/v2\/pages\/84\/revisions\/325"}],"wp:featuredmedia":[{"embeddable":true,"href":"https:\/\/markuseinolf.de\/index.php?rest_route=\/wp\/v2\/media\/206"}],"wp:attachment":[{"href":"https:\/\/markuseinolf.de\/index.php?rest_route=%2Fwp%2Fv2%2Fmedia&parent=84"}],"curies":[{"name":"wp","href":"https:\/\/api.w.org\/{rel}","templated":true}]}}