{"id":742,"date":"2026-02-16T09:42:32","date_gmt":"2026-02-16T09:42:32","guid":{"rendered":"http:\/\/markuseinolf.de\/?page_id=742"},"modified":"2026-02-17T09:51:52","modified_gmt":"2026-02-17T09:51:52","slug":"stellenangebot","status":"publish","type":"page","link":"https:\/\/markuseinolf.de\/?page_id=742","title":{"rendered":"Stellenangebot"},"content":{"rendered":"\n<p>F\u00fcr unsere kleine famili\u00e4re Praxis suchen wir zur Verst\u00e4rkung 1 Physiotherapeut:in mit osteopathischen Kenntnissen als Mini-\/Midijobber f\u00fcr ca. 10-15 Stunden\/Woche!<\/p>\n\n\n\n<p>Wir bieten:<\/p>\n\n\n\n<p>-50 Minuten Termine<\/p>\n\n\n\n<p>-Angemessene Bezahlung<\/p>\n\n\n\n<p>-Lockere Atmosph\u00e4re<\/p>\n\n\n\n<p><\/p>\n\n\n\n<p>Vorraussetzungen:<\/p>\n\n\n\n<p>-mindestens 2 Jahre Berufserfahrung<\/p>\n\n\n\n<p>-Empathie<\/p>\n\n\n\n<p>-Interesse an orthop\u00e4dischen Krankheitsbildern<\/p>\n\n\n\n<p><\/p>\n\n\n\n<p>Bei Interesse Fragen und weitere Infos unter <\/p>\n\n\n\n<p>Tel.: 089-81889407<\/p>\n\n\n\n<p>Mail info@markuseinolf.de<\/p>\n","protected":false},"excerpt":{"rendered":"<p>F\u00fcr unsere kleine famili\u00e4re Praxis suchen wir zur Verst\u00e4rkung 1 Physiotherapeut:in mit osteopathischen Kenntnissen als Mini-\/Midijobber f\u00fcr ca. 10-15 Stunden\/Woche! Wir bieten: -50 Minuten Termine -Angemessene Bezahlung -Lockere Atmosph\u00e4re Vorraussetzungen: -mindestens 2 Jahre Berufserfahrung -Empathie -Interesse an orthop\u00e4dischen Krankheitsbildern Bei &hellip; <a href=\"https:\/\/markuseinolf.de\/?page_id=742\">Weiterlesen <span class=\"meta-nav\">&rarr;<\/span><\/a><\/p>\n","protected":false},"author":2,"featured_media":0,"parent":0,"menu_order":0,"comment_status":"closed","ping_status":"closed","template":"","meta":{"footnotes":""},"class_list":["post-742","page","type-page","status-publish","hentry"],"_links":{"self":[{"href":"https:\/\/markuseinolf.de\/index.php?rest_route=\/wp\/v2\/pages\/742","targetHints":{"allow":["GET"]}}],"collection":[{"href":"https:\/\/markuseinolf.de\/index.php?rest_route=\/wp\/v2\/pages"}],"about":[{"href":"https:\/\/markuseinolf.de\/index.php?rest_route=\/wp\/v2\/types\/page"}],"author":[{"embeddable":true,"href":"https:\/\/markuseinolf.de\/index.php?rest_route=\/wp\/v2\/users\/2"}],"replies":[{"embeddable":true,"href":"https:\/\/markuseinolf.de\/index.php?rest_route=%2Fwp%2Fv2%2Fcomments&post=742"}],"version-history":[{"count":4,"href":"https:\/\/markuseinolf.de\/index.php?rest_route=\/wp\/v2\/pages\/742\/revisions"}],"predecessor-version":[{"id":748,"href":"https:\/\/markuseinolf.de\/index.php?rest_route=\/wp\/v2\/pages\/742\/revisions\/748"}],"wp:attachment":[{"href":"https:\/\/markuseinolf.de\/index.php?rest_route=%2Fwp%2Fv2%2Fmedia&parent=742"}],"curies":[{"name":"wp","href":"https:\/\/api.w.org\/{rel}","templated":true}]}}