{"id":68,"date":"2011-10-27T15:34:27","date_gmt":"2011-10-27T15:34:27","guid":{"rendered":"http:\/\/markuseinolf.de\/praxis\/?page_id=68"},"modified":"2022-02-17T11:54:56","modified_gmt":"2022-02-17T11:54:56","slug":"68-2","status":"publish","type":"page","link":"https:\/\/markuseinolf.de\/","title":{"rendered":""},"content":{"rendered":"\n<p><\/p>\n\n\n\n<p><\/p>\n\n\n\n<p><\/p>\n\n\n<blockquote class=\"wp-block-quote has-text-align-center\">\n<h5 style=\"text-align: center;\">&#8222;LACHEN ist f\u00fcr die Seele dasselbe, wie Sauerstoff f\u00fcr die Lungen&#8220;<\/h5>\n<\/blockquote>\n<h6 style=\"text-align: center;\"><cite>Louis de Funes<\/cite><\/h6>\n\n\n<p><\/p>\n\n\n<p style=\"text-align: center;\"><span style=\"color: #888888;\">&#8222;Man mu\u00df lernen, mit Exaktheit den Zustand jedes Lebensalters und jeder Krankheit zu erkennen; zu erkennen, was das gemeinsame Gute, das gemeinsame Schlechte am Zustand oder der Krankheit ist!&#8220;<\/span><\/p>\n<p style=\"text-align: center;\"><span style=\"color: #888888;\">Hippokrates<\/span><\/p>","protected":false},"excerpt":{"rendered":"<p>&#8222;LACHEN ist f\u00fcr die Seele dasselbe, wie Sauerstoff f\u00fcr die Lungen&#8220; Louis de Funes &#8222;Man mu\u00df lernen, mit Exaktheit den Zustand jedes Lebensalters und jeder Krankheit zu erkennen; zu erkennen, was das gemeinsame Gute, das gemeinsame Schlechte am Zustand oder &hellip; <a href=\"https:\/\/markuseinolf.de\/\">Weiterlesen <span class=\"meta-nav\">&rarr;<\/span><\/a><\/p>\n","protected":false},"author":1,"featured_media":0,"parent":0,"menu_order":0,"comment_status":"closed","ping_status":"closed","template":"","meta":{"footnotes":""},"class_list":["post-68","page","type-page","status-publish","hentry"],"_links":{"self":[{"href":"https:\/\/markuseinolf.de\/index.php?rest_route=\/wp\/v2\/pages\/68","targetHints":{"allow":["GET"]}}],"collection":[{"href":"https:\/\/markuseinolf.de\/index.php?rest_route=\/wp\/v2\/pages"}],"about":[{"href":"https:\/\/markuseinolf.de\/index.php?rest_route=\/wp\/v2\/types\/page"}],"author":[{"embeddable":true,"href":"https:\/\/markuseinolf.de\/index.php?rest_route=\/wp\/v2\/users\/1"}],"replies":[{"embeddable":true,"href":"https:\/\/markuseinolf.de\/index.php?rest_route=%2Fwp%2Fv2%2Fcomments&post=68"}],"version-history":[{"count":25,"href":"https:\/\/markuseinolf.de\/index.php?rest_route=\/wp\/v2\/pages\/68\/revisions"}],"predecessor-version":[{"id":701,"href":"https:\/\/markuseinolf.de\/index.php?rest_route=\/wp\/v2\/pages\/68\/revisions\/701"}],"wp:attachment":[{"href":"https:\/\/markuseinolf.de\/index.php?rest_route=%2Fwp%2Fv2%2Fmedia&parent=68"}],"curies":[{"name":"wp","href":"https:\/\/api.w.org\/{rel}","templated":true}]}}