{"id":6,"date":"2011-10-27T13:53:45","date_gmt":"2011-10-27T13:53:45","guid":{"rendered":"http:\/\/markuseinolf.de\/praxis\/?page_id=6"},"modified":"2012-03-03T11:38:47","modified_gmt":"2012-03-03T11:38:47","slug":"myofasziale-triggerpunkt-therapie","status":"publish","type":"page","link":"https:\/\/markuseinolf.de\/?page_id=6","title":{"rendered":"Myofasziale-Triggerpunkt-Therapie"},"content":{"rendered":"<p>Das Wort &#8222;Triggerpunkt&#8220; stammt aus dem Englischen &#8222;to trigger&#8220; und bedeutet &#8222;ausl\u00f6sen&#8220;.<br \/>\nGemeint ist damit das Ausl\u00f6sen von fortgeleiteten <a href=\"https:\/\/markuseinolf.de\/?page_id=46\" title=\"Akupunktur\">Schmerzen<\/a>. Triggerpunkte entstehen h\u00e4ufig mit der Zeit, als Folge von immer wiederkehrenden Bewegungen oder Stellungen.<br \/>\nWas am Anfang ein gew\u00f6hnlicher Muskelkater war, kann mit der Zeit bleiben und anhaltende Schmerzen verursachen.<br \/>\nDie Schmerzen von Triggerpunkten k\u00f6nnen sehr verschieden sein. Das kann von Ziehen \u00fcber Brennen, bis zum Gef\u00fchl von Kraftlosigkeit gehen.<\/p>\n","protected":false},"excerpt":{"rendered":"<p>Das Wort &#8222;Triggerpunkt&#8220; stammt aus dem Englischen &#8222;to trigger&#8220; und bedeutet &#8222;ausl\u00f6sen&#8220;. Gemeint ist damit das Ausl\u00f6sen von fortgeleiteten Schmerzen. Triggerpunkte entstehen h\u00e4ufig mit der Zeit, als Folge von immer wiederkehrenden Bewegungen oder Stellungen. Was am Anfang ein gew\u00f6hnlicher Muskelkater &hellip; <a href=\"https:\/\/markuseinolf.de\/?page_id=6\">Weiterlesen <span class=\"meta-nav\">&rarr;<\/span><\/a><\/p>\n","protected":false},"author":2,"featured_media":206,"parent":15,"menu_order":0,"comment_status":"closed","ping_status":"closed","template":"","meta":{"footnotes":""},"class_list":["post-6","page","type-page","status-publish","has-post-thumbnail","hentry"],"_links":{"self":[{"href":"https:\/\/markuseinolf.de\/index.php?rest_route=\/wp\/v2\/pages\/6","targetHints":{"allow":["GET"]}}],"collection":[{"href":"https:\/\/markuseinolf.de\/index.php?rest_route=\/wp\/v2\/pages"}],"about":[{"href":"https:\/\/markuseinolf.de\/index.php?rest_route=\/wp\/v2\/types\/page"}],"author":[{"embeddable":true,"href":"https:\/\/markuseinolf.de\/index.php?rest_route=\/wp\/v2\/users\/2"}],"replies":[{"embeddable":true,"href":"https:\/\/markuseinolf.de\/index.php?rest_route=%2Fwp%2Fv2%2Fcomments&post=6"}],"version-history":[{"count":8,"href":"https:\/\/markuseinolf.de\/index.php?rest_route=\/wp\/v2\/pages\/6\/revisions"}],"predecessor-version":[{"id":314,"href":"https:\/\/markuseinolf.de\/index.php?rest_route=\/wp\/v2\/pages\/6\/revisions\/314"}],"up":[{"embeddable":true,"href":"https:\/\/markuseinolf.de\/index.php?rest_route=\/wp\/v2\/pages\/15"}],"wp:featuredmedia":[{"embeddable":true,"href":"https:\/\/markuseinolf.de\/index.php?rest_route=\/wp\/v2\/media\/206"}],"wp:attachment":[{"href":"https:\/\/markuseinolf.de\/index.php?rest_route=%2Fwp%2Fv2%2Fmedia&parent=6"}],"curies":[{"name":"wp","href":"https:\/\/api.w.org\/{rel}","templated":true}]}}