{"id":590,"date":"2018-05-24T12:57:03","date_gmt":"2018-05-24T12:57:03","guid":{"rendered":"http:\/\/markuseinolf.de\/?page_id=590"},"modified":"2018-05-24T12:57:03","modified_gmt":"2018-05-24T12:57:03","slug":"datenschutzerklaerung-2","status":"publish","type":"page","link":"https:\/\/markuseinolf.de\/?page_id=590","title":{"rendered":"Datenschutzerkl\u00e4rung"},"content":{"rendered":"<p><strong>\u00a0<\/strong><\/p>\n<p><strong>Datenschutzerkl\u00e4rung f\u00fcr die Webseite \u201ewww.markuseinolf.de\u201c<\/strong><\/p>\n<ol>\n<li><strong> Geltungsbereich<\/strong><\/li>\n<\/ol>\n<p>Der Schutz personenbezogener Daten ist uns sehr wichtig. Mit den nachfolgenden Hinweisen zum Datenschutz wollen wir Ihnen n\u00e4herbringen, welche personenbezogenen Daten wir f\u00fcr welche Zwecke verarbeiten, w\u00e4hrend Sie unser Internetangebot nutzen.<\/p>\n<p>Die nachfolgenden Hinweise gelten f\u00fcr alle Inhalte der oben genannten Internetseite (nachfolgend \u201eAngebot\u201c \/ \u201eWebseite\u201c).<\/p>\n<p>Die rechtlichen Grundlagen des Datenschutzes finden sich in der EU-Datenschutzgrundverordnung (nachfolgend DSGVO) und den in der EU geltenden nationalen Durchf\u00fchrungsvorschriften, in Deutschland im Bundesdatenschutzgesetz (BDSG).<\/p>\n<ol start=\"2\">\n<li><strong> Begriffsbestimmungen<\/strong><\/li>\n<\/ol>\n<p><u>Personenbezogene Daten<\/u><\/p>\n<p>&#8222;Personenbezogene Daten&#8220; sind alle Informationen, die sich auf eine identifizierte oder identifizierbare nat\u00fcrliche Person beziehen; als identifizierbar wird eine nat\u00fcrliche Person angesehen, die direkt oder indirekt, insbesondere mittels Zuordnung zu einer Kennung wie einem Namen, zu einer Kennnummer, zu Standortdaten, zu einer Online-Kennung oder zu einem oder mehreren besonderen Merkmalen identifiziert werden kann, die Ausdruck der physischen, physiologischen, genetischen, psychischen, wirtschaftlichen, kulturellen oder sozialen Identit\u00e4t dieser nat\u00fcrlichen Person sind.<\/p>\n<p><u>Verarbeitung<\/u><\/p>\n<p>&#8222;Verarbeitung&#8220; meint jeden mit oder ohne Hilfe automatisierter Verfahren ausgef\u00fchrten Vorgang oder jede solche Vorgangsreihe im Zusammenhang mit personenbezogenen Daten wie das Erheben, das Erfassen, die Organisation, das Ordnen, die Speicherung, die Anpassung oder Ver\u00e4nderung, das Auslesen, das Abfragen, die Verwendung, die Offenlegung durch \u00dcbermittlung, Verbreitung oder eine andere Form der Bereitstellung, den Abgleich oder die Verkn\u00fcpfung, die Einschr\u00e4nkung, das L\u00f6schen oder die Vernichtung.<\/p>\n<ol start=\"3\">\n<li><strong> Arten von personenbezogenen Daten <\/strong><\/li>\n<\/ol>\n<p><u>Zugriffsdaten<\/u><\/p>\n<p>Zugriffsdaten sind Daten \u00fcber jeden Zugriff auf den Server, auf dem sich unsere Webseite befindet. Zu den Zugriffsdaten geh\u00f6ren, IP-Adresse des Zugriffsger\u00e4tes, Datum und Uhrzeit der Anfrage, Zeitzonendifferenz zur Greenwich Mean Time (GMT), Inhalt der Anforderung (konkrete Seite), Zugriffsstatus\/HTTP-Statuscode, jeweils \u00fcbertragene Datenmenge, Website, von der die Anforderung kommt, Browser, Betriebssystem und dessen Oberfl\u00e4che, Sprache und Version der Browsersoftware.<\/p>\n<p><u>Cookies<\/u><\/p>\n<p>Zus\u00e4tzlich zu den zuvor genannten Daten werden bei Ihrer Nutzung unserer Website Cookies auf Ihrem Zugriffsger\u00e4t gespeichert. Bei Cookies handelt es sich um kleine Textdateien, die dem von Ihnen verwendeten Browser zugeordnet gespeichert werden und durch welche der Stelle, die den Cookie setzt (hier durch uns oder durch Drittanbieter), bestimmte Informationen zuflie\u00dfen.<\/p>\n<p><u>Mitteilungsdaten <\/u><\/p>\n<p>Sofern Sie das Kontaktformular unserer Webseite ausf\u00fcllen oder auf anderem Wege mit uns Kontakt aufnehmen, verarbeiten wir die personenbezogenen Daten, die Sie uns mitteilen.<\/p>\n<ol start=\"4\">\n<li><strong> Zwecke der Verarbeitung\u00a0\u00a0<\/strong><\/li>\n<\/ol>\n<p><u>Zugriffsdaten <\/u><\/p>\n<p>Unser Hosting-Anbieter verarbeitet die Zugriffsdaten in unserem Auftrag zum Betrieb und zur Erreichbarkeit unserer Webseite sowie aus Sicherheitsgr\u00fcnden zur Betrugs- und Missbrauchskontrolle. Rechtsgrundlage f\u00fcr die Verarbeitung ist Art. 6 Abs. 1 Satz 1 f DSGVO. Zur Verarbeitung der IP-Adresse durch Drittanbieter siehe Ziffer 6.<\/p>\n<p><u>Cookies<\/u><\/p>\n<p>Cookies dienen zum einem der Benutzerfreundlichkeit unserer Webseite und damit den Nutzern. Zum anderen dienen Sie dazu, die statistischen Daten der Webseitennutzung zu erfassen und sie zwecks Verbesserung unserer Angebote zu analysieren zu k\u00f6nnen. Hinsichtlich des Einsatzes von Cookies durch Drittanbieter verweisen wir auf Ziffer 6. Rechtsgrundlage f\u00fcr den Einsatz von Cookies ist Art. 6 Abs. 1 Satz 1 f DSGVO.<\/p>\n<p>Die Nutzer k\u00f6nnen auf den Einsatz der Cookies Einfluss nehmen. Die meisten Browser verf\u00fcgen \u00fcber eine Option mit der das Speichern von Cookies eingeschr\u00e4nkt oder komplett verhindert wird. Allerdings wird darauf hingewiesen, dass die Nutzung und insbesondere der Nutzungskomfort unserer Webseite ohne Cookies eingeschr\u00e4nkt werden.<\/p>\n<p><u>Mitteilungsdaten <\/u><\/p>\n<p>Sofern Sie personenbezogene Daten \u00fcber die Formulare auf unserer Webseite eingeben oder uns durch Absenden \u00fcbermitteln oder uns auf anderem Wege mitteilen, h\u00e4ngt der Zweck der Datenverarbeitung von Ihrem Anliegen ab. Wir werden Ihre personenbezogenen Daten dazu verwenden, um Ihr Anliegen zu bearbeiten (Rechtsgrundlage ist Art. 6 Abs. 1 Satz 1 f DSGVO). Ihren Vor- und Nachnamen und Ihre Adresse verwenden wir zus\u00e4tzlich f\u00fcr postalische Direktwerbung (Rechtsgrundlage ist Art. 6 Abs. 1 Satz 1 f DSGVO).<\/p>\n<ol start=\"5\">\n<li><strong> Kategorien von Empf\u00e4ngern personenbezogener Daten <\/strong><\/li>\n<\/ol>\n<p><u>Webhosting-Anbieter <\/u><\/p>\n<p>Die in Ziffer 3 genannten Daten werden in unseren Auftrag von unserem Webhosting-Anbieter verarbeitet. Sofern Sie mit uns \u00fcber E-Mail kommunizieren, werden Ihre E-Mails und die darin mitgeteilten personenbezogenen Daten in unserem Auftrag auf den Servern unseres Webhosting-Anbieters gespeichert (Rechtsgrundlage ist Art. 6 Abs. 1 Satz 1 a, f DSGVO).<\/p>\n<ol start=\"6\">\n<li><strong>Datenbereitstellung<\/strong><\/li>\n<\/ol>\n<p>Sie sind nicht verpflichtet, personenbezogene Daten beim Besuch unserer Webseite bereitzustellen, allerdings erfolgt die Erfassung der IP-Adresse Ihres Rechners beim Besuch automatisch. Hinsichtlich der Nutzung von Cookies verweisen wir auf Ziffer 4.<\/p>\n<ol start=\"7\">\n<li><strong> Dauer der Verarbeitung<\/strong><\/li>\n<\/ol>\n<p><u>Zugriffsdaten<\/u><\/p>\n<p>Die Zugriffsdaten werden zum Betrieb unserer Webseite und aus Sicherheitsgr\u00fcnden (z.B. zur Aufkl\u00e4rung von Missbrauchs- oder Betrugshandlungen) fortlaufend gespeichert.<\/p>\n<p><u>Cookies und IP-Adressen<\/u><\/p>\n<p>Sofern von Drittanbietern Cookies gesetzt und IP-Adressen verarbeitet werden, haben wir auf die Dauer der Verarbeitung keinen Einfluss. Unter Ziffer 6 finden Sie die Links zu den Datenschutzerkl\u00e4rungen der Drittanbieter. Dort k\u00f6nnen Sie sich \u00fcber die Dauer der Verarbeitung informieren.<\/p>\n<p><u>Mitteilungsdaten<\/u><\/p>\n<p>Die sonstigen von Ihnen mitgeteilten Daten speichern wir solange, wie wir Sie f\u00fcr die Bearbeitung Ihres Anliegens ben\u00f6tigen werden, sofern diese Daten nicht l\u00e4ngeren steuerrechtlichen und handelsrechtlichen Aufbewahrungsfristen unterliegen oder eine Einwilligung vorliegt, die ein fortgesetztes Speichern rechtfertigt.<\/p>\n<ol start=\"8\">\n<li><strong> Widerspruchsrecht<\/strong><\/li>\n<\/ol>\n<p>Sie haben das Recht, jederzeit Widerspruch gegen die auf Grundlage von Art. 6 Abs. 1 Satz 1 f DSGVO verarbeiteten personenbezogenen Daten zu erheben, sofern Gr\u00fcnde f\u00fcr den Widerspruch vorliegen, die sich aus Ihrer besonderen Situation ergeben. Ihre personenbezogenen Daten werden jedoch weiterverarbeitet, wenn zwingende schutzw\u00fcrdigen Gr\u00fcnde vorliegen, die Daten weiter zu verarbeiten, die die Interessen, Rechte und Freiheiten Ihrer Person \u00fcberwiegen, oder wenn die Verarbeitung der Geltendmachung, Aus\u00fcbung oder Verteidigung von Rechtsanspr\u00fcchen dient. Sofern wir von Ihnen Personenbezogene Daten verarbeiten, um Direktwerbung zu betreiben, haben Sie das Recht, jederzeit ohne Vorliegen von Gr\u00fcnden Widerspruch gegen die Verarbeitung der personenbezogenen Daten zum Zwecke derartiger Werbung einzulegen (Art. 21 DSGVO).<\/p>\n<ol start=\"9\">\n<li><strong> Weitere Betroffenenrechte <\/strong><\/li>\n<\/ol>\n<p>Sie haben im Falle einer erteilten Einwilligung das Recht auf Widerruf dieser. Wir weisen Sie daraufhin, dass ein Widerruf nichts an der Rechtm\u00e4\u00dfigkeit der bis zum Widerruf erteilten Verarbeitung \u00e4ndert (keine R\u00fcckwirkung des Widerrufs).<\/p>\n<p>Sie haben hat das Recht, im Rahmen der DSGVO auf Antrag unentgeltlich Auskunft zu erhalten \u00fcber die bei uns vorhandenen Sie betreffenden personenbezogenen Daten (Art. 15 DSGVO).<\/p>\n<p>Ferner haben Sie nach Ma\u00dfgabe der DSGVO Anspruch auf Berichtigung (Art. 16 DSGVO), L\u00f6schung (Art. 17 DSGVO), Einschr\u00e4nkung (Art. 18 DSGVO) und \u00dcbertragung (Art. 20 DSGVO) Ihrer personenbezogenen Daten.<\/p>\n<p>Sie haben zudem das Recht, sich bei der f\u00fcr uns zust\u00e4ndigen Datenschutzaufsichtsbeh\u00f6rde in begr\u00fcndeten F\u00e4llen zu beschweren (Art. 77 DSGVO).<\/p>\n<p>Ihre Rechte nach der DSGVO k\u00f6nnen Sie per E-Mail oder schriftlich geltend machen. Unsere Kontaktdaten finden Sie nachstehend:<\/p>\n<ol start=\"10\">\n<li><strong> Kontaktdaten<\/strong><\/li>\n<\/ol>\n<p><u>Anbieter als datenschutzrechtlich verantwortliche Stelle<\/u>:<\/p>\n<p><strong>Markus Einolf, Eversbuschstr. 138, 80999 M\u00fcnchen<\/strong><\/p>\n<p><u>Datenschutzaufsichtsbeh\u00f6rde: <\/u><\/p>\n<p><strong>Bayerisches Landesamt f\u00fcr Datenschutz<\/strong><\/p>\n<p>Postfach 606<br \/>\n91511 Ansbach<\/p>\n<p>&nbsp;<\/p>\n","protected":false},"excerpt":{"rendered":"<p>\u00a0 Datenschutzerkl\u00e4rung f\u00fcr die Webseite \u201ewww.markuseinolf.de\u201c Geltungsbereich Der Schutz personenbezogener Daten ist uns sehr wichtig. Mit den nachfolgenden Hinweisen zum Datenschutz wollen wir Ihnen n\u00e4herbringen, welche personenbezogenen Daten wir f\u00fcr welche Zwecke verarbeiten, w\u00e4hrend Sie unser Internetangebot nutzen. Die nachfolgenden &hellip; <a href=\"https:\/\/markuseinolf.de\/?page_id=590\">Weiterlesen <span class=\"meta-nav\">&rarr;<\/span><\/a><\/p>\n","protected":false},"author":2,"featured_media":0,"parent":0,"menu_order":0,"comment_status":"closed","ping_status":"closed","template":"","meta":{"footnotes":""},"class_list":["post-590","page","type-page","status-publish","hentry"],"_links":{"self":[{"href":"https:\/\/markuseinolf.de\/index.php?rest_route=\/wp\/v2\/pages\/590","targetHints":{"allow":["GET"]}}],"collection":[{"href":"https:\/\/markuseinolf.de\/index.php?rest_route=\/wp\/v2\/pages"}],"about":[{"href":"https:\/\/markuseinolf.de\/index.php?rest_route=\/wp\/v2\/types\/page"}],"author":[{"embeddable":true,"href":"https:\/\/markuseinolf.de\/index.php?rest_route=\/wp\/v2\/users\/2"}],"replies":[{"embeddable":true,"href":"https:\/\/markuseinolf.de\/index.php?rest_route=%2Fwp%2Fv2%2Fcomments&post=590"}],"version-history":[{"count":1,"href":"https:\/\/markuseinolf.de\/index.php?rest_route=\/wp\/v2\/pages\/590\/revisions"}],"predecessor-version":[{"id":591,"href":"https:\/\/markuseinolf.de\/index.php?rest_route=\/wp\/v2\/pages\/590\/revisions\/591"}],"wp:attachment":[{"href":"https:\/\/markuseinolf.de\/index.php?rest_route=%2Fwp%2Fv2%2Fmedia&parent=590"}],"curies":[{"name":"wp","href":"https:\/\/api.w.org\/{rel}","templated":true}]}}