{"id":58,"date":"2011-10-27T15:21:02","date_gmt":"2011-10-27T15:21:02","guid":{"rendered":"http:\/\/markuseinolf.de\/praxis\/?page_id=58"},"modified":"2012-03-03T11:39:18","modified_gmt":"2012-03-03T11:39:18","slug":"krankengymnastik-auf-neurophysiologischer-grundlage-pnf","status":"publish","type":"page","link":"https:\/\/markuseinolf.de\/?page_id=58","title":{"rendered":"Krankengymnastik auf neurophysiologischer Grundlage &#8211; PNF"},"content":{"rendered":"<p>Die propriozeptive neuromuskul\u00e4re Fazilitation (PNF) ist eine aktive Ganzk\u00f6rperbehandlung und wurde von der amerikanischen Physiotherapeutin Maggie Knott und dem Physiologen Herman Kabat in den 40er und 50er Jahren entwickelt. Durch PNF soll wieder ein verbessertes Zusammenspiel zwischen Muskeln und Nerven erreicht werden. Die Auswahl der Bewegungsmuster und Techniken richtet sich immer nach der individuellen Situation des Patienten. Die Therapie erfasst den Menschen <a href=\"https:\/\/markuseinolf.de\/praxis\/?page_id=15\" title=\"Strukturelle Osteopathie\">ganzheitlich<\/a> und setzt immer bei seinen st\u00e4rksten K\u00f6rperabschnitten an, um gezielt die Schw\u00e4chen im Sinne der motorisch normalen Funktion zu erreichen.<\/p>\n","protected":false},"excerpt":{"rendered":"<p>Die propriozeptive neuromuskul\u00e4re Fazilitation (PNF) ist eine aktive Ganzk\u00f6rperbehandlung und wurde von der amerikanischen Physiotherapeutin Maggie Knott und dem Physiologen Herman Kabat in den 40er und 50er Jahren entwickelt. Durch PNF soll wieder ein verbessertes Zusammenspiel zwischen Muskeln und Nerven &hellip; <a href=\"https:\/\/markuseinolf.de\/?page_id=58\">Weiterlesen <span class=\"meta-nav\">&rarr;<\/span><\/a><\/p>\n","protected":false},"author":1,"featured_media":220,"parent":53,"menu_order":0,"comment_status":"closed","ping_status":"closed","template":"","meta":{"footnotes":""},"class_list":["post-58","page","type-page","status-publish","has-post-thumbnail","hentry"],"_links":{"self":[{"href":"https:\/\/markuseinolf.de\/index.php?rest_route=\/wp\/v2\/pages\/58","targetHints":{"allow":["GET"]}}],"collection":[{"href":"https:\/\/markuseinolf.de\/index.php?rest_route=\/wp\/v2\/pages"}],"about":[{"href":"https:\/\/markuseinolf.de\/index.php?rest_route=\/wp\/v2\/types\/page"}],"author":[{"embeddable":true,"href":"https:\/\/markuseinolf.de\/index.php?rest_route=\/wp\/v2\/users\/1"}],"replies":[{"embeddable":true,"href":"https:\/\/markuseinolf.de\/index.php?rest_route=%2Fwp%2Fv2%2Fcomments&post=58"}],"version-history":[{"count":6,"href":"https:\/\/markuseinolf.de\/index.php?rest_route=\/wp\/v2\/pages\/58\/revisions"}],"predecessor-version":[{"id":318,"href":"https:\/\/markuseinolf.de\/index.php?rest_route=\/wp\/v2\/pages\/58\/revisions\/318"}],"up":[{"embeddable":true,"href":"https:\/\/markuseinolf.de\/index.php?rest_route=\/wp\/v2\/pages\/53"}],"wp:featuredmedia":[{"embeddable":true,"href":"https:\/\/markuseinolf.de\/index.php?rest_route=\/wp\/v2\/media\/220"}],"wp:attachment":[{"href":"https:\/\/markuseinolf.de\/index.php?rest_route=%2Fwp%2Fv2%2Fmedia&parent=58"}],"curies":[{"name":"wp","href":"https:\/\/api.w.org\/{rel}","templated":true}]}}