{"id":53,"date":"2011-10-27T15:08:42","date_gmt":"2011-10-27T15:08:42","guid":{"rendered":"http:\/\/markuseinolf.de\/praxis\/?page_id=53"},"modified":"2012-03-03T11:39:10","modified_gmt":"2012-03-03T11:39:10","slug":"physiotherapie","status":"publish","type":"page","link":"https:\/\/markuseinolf.de\/?page_id=53","title":{"rendered":"Physiotherapie"},"content":{"rendered":"<p>Die Manuelle Medizin befasst sich mit der Physiologie, Pathophysiologie und Verh\u00fctung von reversiblen Funktionsst\u00f6rungen am Haltungs- und Bewegungsapparat.<br \/>\nSie umfasst alle diagnostischen und therapeutischen Techniken an der Wirbels\u00e4ule und an den Extremit\u00e4tengelenken, die zur Auffindung und Behebung dieser St\u00f6rungen dienen.<\/p>\n","protected":false},"excerpt":{"rendered":"<p>Die Manuelle Medizin befasst sich mit der Physiologie, Pathophysiologie und Verh\u00fctung von reversiblen Funktionsst\u00f6rungen am Haltungs- und Bewegungsapparat. Sie umfasst alle diagnostischen und therapeutischen Techniken an der Wirbels\u00e4ule und an den Extremit\u00e4tengelenken, die zur Auffindung und Behebung dieser St\u00f6rungen dienen.<\/p>\n","protected":false},"author":1,"featured_media":220,"parent":0,"menu_order":0,"comment_status":"closed","ping_status":"closed","template":"","meta":{"footnotes":""},"class_list":["post-53","page","type-page","status-publish","has-post-thumbnail","hentry"],"_links":{"self":[{"href":"https:\/\/markuseinolf.de\/index.php?rest_route=\/wp\/v2\/pages\/53","targetHints":{"allow":["GET"]}}],"collection":[{"href":"https:\/\/markuseinolf.de\/index.php?rest_route=\/wp\/v2\/pages"}],"about":[{"href":"https:\/\/markuseinolf.de\/index.php?rest_route=\/wp\/v2\/types\/page"}],"author":[{"embeddable":true,"href":"https:\/\/markuseinolf.de\/index.php?rest_route=\/wp\/v2\/users\/1"}],"replies":[{"embeddable":true,"href":"https:\/\/markuseinolf.de\/index.php?rest_route=%2Fwp%2Fv2%2Fcomments&post=53"}],"version-history":[{"count":8,"href":"https:\/\/markuseinolf.de\/index.php?rest_route=\/wp\/v2\/pages\/53\/revisions"}],"predecessor-version":[{"id":317,"href":"https:\/\/markuseinolf.de\/index.php?rest_route=\/wp\/v2\/pages\/53\/revisions\/317"}],"wp:featuredmedia":[{"embeddable":true,"href":"https:\/\/markuseinolf.de\/index.php?rest_route=\/wp\/v2\/media\/220"}],"wp:attachment":[{"href":"https:\/\/markuseinolf.de\/index.php?rest_route=%2Fwp%2Fv2%2Fmedia&parent=53"}],"curies":[{"name":"wp","href":"https:\/\/api.w.org\/{rel}","templated":true}]}}