{"id":46,"date":"2011-10-27T15:03:06","date_gmt":"2011-10-27T15:03:06","guid":{"rendered":"http:\/\/markuseinolf.de\/praxis\/?page_id=46"},"modified":"2017-08-14T09:00:42","modified_gmt":"2017-08-14T09:00:42","slug":"akupunktur","status":"publish","type":"page","link":"https:\/\/markuseinolf.de\/?page_id=46","title":{"rendered":"Akupunktur"},"content":{"rendered":"<ul>\n<li><strong>Sch\u00e4delakupunktur nach Yamamoto &#8211; YNSA<\/strong><\/li>\n<\/ul>\n<p class=\"p2\" style=\"text-align: left; padding-left: 60px;\">\u00a0Das Therapieverfahren wurde in den 1970-er Jahren von Dr. Toshikatsu\u00a0 Yamamoto in Japan entwickelt. Die Akupunktur wird prim\u00e4r am Sch\u00e4del ausgef\u00fchrt.<\/p>\n<ul>\n<li class=\"p2\"><strong><span class=\"s1\">Ohrakupunktur<\/span><\/strong><\/li>\n<\/ul>\n<p style=\"padding-left: 60px; text-align: left;\"><span class=\"s2\">Im Ohr \u201esteckt\u201c der ganze Mensch, erkannte vor gut f\u00fcnfzig Jahren der franz\u00f6sische Arzt Dr.<span class=\"s3\" title=\"http:\/\/www.akupunktur.de\/akupunktur\/aurikulomedizin\/akupunktur\/aurikulomedizin\/nogier.html\"> Paul Nogier<\/span>. \u00dcber einige seiner nordafrikanischen Patienten hatte er von einer traditionellen Behandlungsmethode geh\u00f6rt, bei der durch eine Behandlung am Ohr R\u00fcckenschmerzen verschwunden sein sollten.<br \/>\nSo kam er zu der Erkenntnis, dass eine bestimmte Stelle am Ohr mit der Wirbels\u00e4ule verbunden sein muss und machte sich daraufhin an die Erforschung aller K\u00f6rperentsprechungen am Ohr.Das f\u00fchrte zur Entdeckung, dass die gesamte Ohroberfl\u00e4che eine Reflexzone darstellt, auf die alle Organe des K\u00f6rpers reagieren. Dies war die Geburtsstunde der <\/span><span class=\"s4\">Ohrakupunktur<\/span><span class=\"s2\">.Werden bestimmte Stellen am Ohr gereizt (zum Beispiel durch Akupunkturnadeln), k\u00f6nnen St\u00f6rungen, Schmerzen und Erkrankungen in den entsprechenden Organen oder K\u00f6rperteilen effektiv behandelt werden.<br \/>\n<\/span><\/p>\n<p style=\"padding-left: 60px;\">F\u00fcr die Behandlung werden spezielle d\u00fcnne Ohr-Nadeln gesetzt \u2013 die Behandlung durch <span class=\"s4\">Ohrakupunktur<\/span><span class=\"s2\"> ist dadurch weitgehend schmerzfrei.<\/span><\/p>\n<ul>\n<li style=\"padding-left: 60px; text-align: left;\"><strong>ECIWO<\/strong><\/li>\n<\/ul>\n<p style=\"padding-left: 60px; text-align: left;\">ECIWO ist f\u00fcr die Abk\u00fcrzung f\u00fcr &#8222;Embryo Contains The Information of the Whole Organism&#8220;-<br \/>\ndies bedeutet \u00fcbersetzt, dass ein Embryo die Informationen des gesamten K\u00f6rpers bereits in sich tr\u00e4gt.<br \/>\nDer Entdecker der Theorie, Professor Zhang, fand heraus, dass R\u00f6hrenknochen dem Stadium eines 4 Wochen alten Embryos entsprechen und ein gro\u00dfes Wachstums- und Differenzierungspotential aufweisen.<br \/>\nJeder R\u00f6hrenknochen ist laut Zhang\u00b4s Theorie ein Abbild des K\u00f6rpers und wird in verschiedene Zonen eingeteilt :<br \/>\n(Kopf-Zone, Lungen\/Herz-Zone, Magen\/Leber-Zone, Taille\/Nieren-Zone, Unterbauch\/Bein-Zone).<br \/>\nErkrankt also ein Organ, so wird auch der entsprechende ECIWO Abschnitt des R\u00f6hrenknochens empfindlich oder schmerzhaft.<br \/>\nDies ist nicht nur f\u00fcr einen einzelnen R\u00f6hrenknochen der Fall, sondern bezieht sich auf alle R\u00f6hrenknochen des K\u00f6rpers.<\/p>\n<ul>\n<li><strong>koreanische Handakupunktur &#8211; Koryo Sooji Chim<\/strong><\/li>\n<\/ul>\n<p style=\"padding-left: 60px;\">Das Therapieverfahren wurde in den 1970-er Jahren von dem koreanischen Arzt Dr. Tae Woo Yoo entdeckt. Der menchliche K\u00f6rper bildet sich auf der Hand ab, so dass eine somatotope Zuordnung \u00fcbersichtlich und leicht nachvollziehbar ist. Schmerzpunkte, St\u00f6rfelder und Dysfunktionen k\u00f6nnen leicht auf der Hand aufgesucht und entsprechend der gegebenen M\u00f6glichkeiten behandelt werden.<\/p>\n","protected":false},"excerpt":{"rendered":"<p>Sch\u00e4delakupunktur nach Yamamoto &#8211; YNSA \u00a0Das Therapieverfahren wurde in den 1970-er Jahren von Dr. Toshikatsu\u00a0 Yamamoto in Japan entwickelt. Die Akupunktur wird prim\u00e4r am Sch\u00e4del ausgef\u00fchrt. Ohrakupunktur Im Ohr \u201esteckt\u201c der ganze Mensch, erkannte vor gut f\u00fcnfzig Jahren der franz\u00f6sische &hellip; <a href=\"https:\/\/markuseinolf.de\/?page_id=46\">Weiterlesen <span class=\"meta-nav\">&rarr;<\/span><\/a><\/p>\n","protected":false},"author":1,"featured_media":206,"parent":41,"menu_order":0,"comment_status":"closed","ping_status":"closed","template":"","meta":{"footnotes":""},"class_list":["post-46","page","type-page","status-publish","has-post-thumbnail","hentry"],"_links":{"self":[{"href":"https:\/\/markuseinolf.de\/index.php?rest_route=\/wp\/v2\/pages\/46","targetHints":{"allow":["GET"]}}],"collection":[{"href":"https:\/\/markuseinolf.de\/index.php?rest_route=\/wp\/v2\/pages"}],"about":[{"href":"https:\/\/markuseinolf.de\/index.php?rest_route=\/wp\/v2\/types\/page"}],"author":[{"embeddable":true,"href":"https:\/\/markuseinolf.de\/index.php?rest_route=\/wp\/v2\/users\/1"}],"replies":[{"embeddable":true,"href":"https:\/\/markuseinolf.de\/index.php?rest_route=%2Fwp%2Fv2%2Fcomments&post=46"}],"version-history":[{"count":14,"href":"https:\/\/markuseinolf.de\/index.php?rest_route=\/wp\/v2\/pages\/46\/revisions"}],"predecessor-version":[{"id":326,"href":"https:\/\/markuseinolf.de\/index.php?rest_route=\/wp\/v2\/pages\/46\/revisions\/326"}],"up":[{"embeddable":true,"href":"https:\/\/markuseinolf.de\/index.php?rest_route=\/wp\/v2\/pages\/41"}],"wp:featuredmedia":[{"embeddable":true,"href":"https:\/\/markuseinolf.de\/index.php?rest_route=\/wp\/v2\/media\/206"}],"wp:attachment":[{"href":"https:\/\/markuseinolf.de\/index.php?rest_route=%2Fwp%2Fv2%2Fmedia&parent=46"}],"curies":[{"name":"wp","href":"https:\/\/api.w.org\/{rel}","templated":true}]}}