{"id":391,"date":"2013-07-17T07:14:11","date_gmt":"2013-07-17T07:14:11","guid":{"rendered":"http:\/\/markuseinolf.de\/?page_id=391"},"modified":"2013-07-17T07:14:11","modified_gmt":"2013-07-17T07:14:11","slug":"neuraltherapie","status":"publish","type":"page","link":"https:\/\/markuseinolf.de\/?page_id=391","title":{"rendered":"Neuraltherapie"},"content":{"rendered":"<p>&nbsp;<\/p>\n<p class=\"bodytext\"><span style=\"font-size: 9.0pt; font-family: 'Trebuchet MS';\">Die Neuraltherapie geht davon aus, dass \u00f6rtlich begrenzte Reizzust\u00e4nde, sogenannte St\u00f6rfelder, Nervenbahnen so reizen k\u00f6nnen, dass sie auch in entfernten K\u00f6rperregionen chronische Beschwerden ausl\u00f6sen und in Gang halten k\u00f6nnen. Dabei kann jede krankhaft ver\u00e4nderte Stelle des K\u00f6rpers und jedes krankhaft ver\u00e4nderte Organ zum St\u00f6rfeld werden. Durch die von diesem St\u00f6rfeld ausgel\u00f6ste permanente Reizung entsteht f\u00fcr den K\u00f6rper ein Dauerstress, der seine eigenen Regulationsmechanismen st\u00f6rt und zu einer \u201eRegulationsstarre\u201c f\u00fchrt. Die Neuraltherapie unterbricht diese Starre mit Hilfe des injizierten Lokalan\u00e4sthetikums und der ausl\u00f6sende Herd erh\u00e4lt so wieder Anschluss an das gesamtk\u00f6rperliche Geschehen. <\/span><\/p>\n<p class=\"bodytext\"><span style=\"font-size: 9.0pt; font-family: 'Trebuchet MS';\">Zwischen der Entstehung eines St\u00f6rfelds und der Entstehung dadurch bedingter Beschwerden k\u00f6nnen Jahre vergehen, was eine besonders genaue Befunderhebung n\u00f6tig macht. Die Neuraltherapie kann sowohl therapeutisch zur Behandlung als auch diagnostisch zur St\u00f6rfeldsuche eingesetzt werden. H\u00e4ufige St\u00f6rfelder finden sich z. B. an Narbenverl\u00e4ufen, im Zahn- und Kieferbereich oder an den Mandeln. <\/span><\/p>\n<h2><strong><span style=\"font-size: 9pt; font-family: 'Trebuchet MS';\">Gegenanzeigen\/Kontraindikationen<\/span><\/strong><\/h2>\n<p class=\"bodytext\"><span style=\"font-size: 9.0pt; font-family: 'Trebuchet MS';\">Die Neuraltherapie darf nicht angewendet werden bei schweren Infektionskrankheiten, immunologischen Erkrankungen, bestimmten Allergien (vor allem gegen das Lokalan\u00e4sthetikum!), akuten Entz\u00fcndungen des betreffenden Hautareals oder Blutgerinnungsst\u00f6rungen. Patienten mit sehr niedrigem Blutdruck oder Kollapsneigung sollten dar\u00fcber im Vorfeld mit ihrem behandelnden Heilpraktiker sprechen. <\/span><\/p>\n<p>&nbsp;<\/p>\n","protected":false},"excerpt":{"rendered":"<p>&nbsp; Die Neuraltherapie geht davon aus, dass \u00f6rtlich begrenzte Reizzust\u00e4nde, sogenannte St\u00f6rfelder, Nervenbahnen so reizen k\u00f6nnen, dass sie auch in entfernten K\u00f6rperregionen chronische Beschwerden ausl\u00f6sen und in Gang halten k\u00f6nnen. Dabei kann jede krankhaft ver\u00e4nderte Stelle des K\u00f6rpers und jedes &hellip; <a href=\"https:\/\/markuseinolf.de\/?page_id=391\">Weiterlesen <span class=\"meta-nav\">&rarr;<\/span><\/a><\/p>\n","protected":false},"author":2,"featured_media":0,"parent":0,"menu_order":0,"comment_status":"closed","ping_status":"open","template":"","meta":{"footnotes":""},"class_list":["post-391","page","type-page","status-publish","hentry"],"_links":{"self":[{"href":"https:\/\/markuseinolf.de\/index.php?rest_route=\/wp\/v2\/pages\/391","targetHints":{"allow":["GET"]}}],"collection":[{"href":"https:\/\/markuseinolf.de\/index.php?rest_route=\/wp\/v2\/pages"}],"about":[{"href":"https:\/\/markuseinolf.de\/index.php?rest_route=\/wp\/v2\/types\/page"}],"author":[{"embeddable":true,"href":"https:\/\/markuseinolf.de\/index.php?rest_route=\/wp\/v2\/users\/2"}],"replies":[{"embeddable":true,"href":"https:\/\/markuseinolf.de\/index.php?rest_route=%2Fwp%2Fv2%2Fcomments&post=391"}],"version-history":[{"count":2,"href":"https:\/\/markuseinolf.de\/index.php?rest_route=\/wp\/v2\/pages\/391\/revisions"}],"predecessor-version":[{"id":393,"href":"https:\/\/markuseinolf.de\/index.php?rest_route=\/wp\/v2\/pages\/391\/revisions\/393"}],"wp:attachment":[{"href":"https:\/\/markuseinolf.de\/index.php?rest_route=%2Fwp%2Fv2%2Fmedia&parent=391"}],"curies":[{"name":"wp","href":"https:\/\/api.w.org\/{rel}","templated":true}]}}