{"id":36,"date":"2011-10-27T14:52:19","date_gmt":"2011-10-27T14:52:19","guid":{"rendered":"http:\/\/markuseinolf.de\/praxis\/?page_id=36"},"modified":"2025-08-07T06:19:18","modified_gmt":"2025-08-07T06:19:18","slug":"kontakt","status":"publish","type":"page","link":"https:\/\/markuseinolf.de\/?page_id=36","title":{"rendered":"Kontakt"},"content":{"rendered":"<p>Praxis Markus Einolf<\/p>\n<p>Eversbuschstr. 138<\/p>\n<p>80999 M\u00fcnchen<\/p>\n<p>T. 089.81 88 94 07<\/p>\n<p>F. 089.81 88 94 06<\/p>\n<p>info@markuseinolf.de<\/p>\n<p>&nbsp;<\/p>\n<p><strong>F\u00fcr Terminanfragen und -\u00e4nderungen E-Mails bitte an:<\/strong><\/p>\n<p><a href=\"mailto:termin@markuseinolf.de\">termin@markuseinolf.de<\/a><\/p>\n","protected":false},"excerpt":{"rendered":"<p>Praxis Markus Einolf Eversbuschstr. 138 80999 M\u00fcnchen T. 089.81 88 94 07 F. 089.81 88 94 06 info@markuseinolf.de &nbsp; F\u00fcr Terminanfragen und -\u00e4nderungen E-Mails bitte an: termin@markuseinolf.de<\/p>\n","protected":false},"author":1,"featured_media":0,"parent":0,"menu_order":0,"comment_status":"closed","ping_status":"closed","template":"","meta":{"footnotes":""},"class_list":["post-36","page","type-page","status-publish","hentry"],"_links":{"self":[{"href":"https:\/\/markuseinolf.de\/index.php?rest_route=\/wp\/v2\/pages\/36","targetHints":{"allow":["GET"]}}],"collection":[{"href":"https:\/\/markuseinolf.de\/index.php?rest_route=\/wp\/v2\/pages"}],"about":[{"href":"https:\/\/markuseinolf.de\/index.php?rest_route=\/wp\/v2\/types\/page"}],"author":[{"embeddable":true,"href":"https:\/\/markuseinolf.de\/index.php?rest_route=\/wp\/v2\/users\/1"}],"replies":[{"embeddable":true,"href":"https:\/\/markuseinolf.de\/index.php?rest_route=%2Fwp%2Fv2%2Fcomments&post=36"}],"version-history":[{"count":13,"href":"https:\/\/markuseinolf.de\/index.php?rest_route=\/wp\/v2\/pages\/36\/revisions"}],"predecessor-version":[{"id":738,"href":"https:\/\/markuseinolf.de\/index.php?rest_route=\/wp\/v2\/pages\/36\/revisions\/738"}],"wp:attachment":[{"href":"https:\/\/markuseinolf.de\/index.php?rest_route=%2Fwp%2Fv2%2Fmedia&parent=36"}],"curies":[{"name":"wp","href":"https:\/\/api.w.org\/{rel}","templated":true}]}}