{"id":141,"date":"2011-10-29T08:59:02","date_gmt":"2011-10-29T08:59:02","guid":{"rendered":"http:\/\/markuseinolf.de\/praxis\/?page_id=141"},"modified":"2012-03-03T11:40:06","modified_gmt":"2012-03-03T11:40:06","slug":"philosophie","status":"publish","type":"page","link":"https:\/\/markuseinolf.de\/?page_id=141","title":{"rendered":"Philosophie II"},"content":{"rendered":"<p>Schmerzen sind eine Gei\u00dfel der Menschheit.<br \/>\nIn den Industriel\u00e4ndern haben 80% aller Menschen mindestens einmal im Leben betr\u00e4chtliche <a href=\"https:\/\/markuseinolf.de\/?page_id=46\" title=\"Akupunktur\">R\u00fcckenschmerzen<\/a> oder Kopfschmerzen. Grunds\u00e4tzlich kann jedes K\u00f6rperteil als schmerzhaft empfunden werden.<\/p>\n<p>Da immer mehr Menschen unter beruflichem Leistungsdruck stehen, oftmals einer sitzenden T\u00e4tigkeit nachgehen und immer dichtere Terminrahmen an der Tagesordnung sind, fehlt meist die Zeit f\u00fcr die Regeneration. Die Folgen sind Verspannungen, nachla\u00dfende Leistungs- und Konzentrationsf\u00e4higkeit. Der K\u00f6rper arbeitet nur noch auf Sparflamme.<\/p>\n<p>Lange Zeit wurden in der Medizin allein abgen\u00fctzte Gelenke oder eingeklemmte Nerven als Hauptursache f\u00fcr die h\u00e4ufigen Schmerzen im Bewegungsapparat angesehen. Erst in den letzten Jahren ist klar geworden, da\u00df viele Schmerzen in den Muskeln entstehen. Oft ist eine \u00dcberlastung Ursache eines Muskelschmerzes, oft auch ein Unfall, manchmal entwickeln sich die Schmerzen schleichend und die Ursachen sind nicht direkt bekannt.<\/p>\n<p>Viele Muskelschmerzen sind Begleiterscheinungen von Bandscheibenvorw\u00f6lbungen oder Arthrosen. Bei einer Mehrzahl der Menschen sind wegen der einseitigen Belastung und der mangelnden Bewegung aber nur die Muskeln erkrankt.<\/p>\n<p>Wenn Sie unter <a href=\"https:\/\/markuseinolf.de\/?page_id=87\" title=\"Chiropraktik nach Dr. Ackermann\">st\u00f6renden Schmerzen<\/a> leiden, lohnt es sich, dass Sie sich von mir untersuchen lassen. Je rascher Ihre <a href=\"https:\/\/markuseinolf.de\/?page_id=90\" title=\"Global Diagnostics \u2013 Vitalfeldmessung\">Schmerzen sachkundig beurteilt<\/a> und behandelt werden, umso eher besteht die M\u00f6glichkeit wieder volle Beschwerdefreiheit zu erlangen.<\/p>\n","protected":false},"excerpt":{"rendered":"<p>Schmerzen sind eine Gei\u00dfel der Menschheit. In den Industriel\u00e4ndern haben 80% aller Menschen mindestens einmal im Leben betr\u00e4chtliche R\u00fcckenschmerzen oder Kopfschmerzen. Grunds\u00e4tzlich kann jedes K\u00f6rperteil als schmerzhaft empfunden werden. Da immer mehr Menschen unter beruflichem Leistungsdruck stehen, oftmals einer sitzenden &hellip; <a href=\"https:\/\/markuseinolf.de\/?page_id=141\">Weiterlesen <span class=\"meta-nav\">&rarr;<\/span><\/a><\/p>\n","protected":false},"author":2,"featured_media":220,"parent":53,"menu_order":0,"comment_status":"closed","ping_status":"closed","template":"","meta":{"footnotes":""},"class_list":["post-141","page","type-page","status-publish","has-post-thumbnail","hentry"],"_links":{"self":[{"href":"https:\/\/markuseinolf.de\/index.php?rest_route=\/wp\/v2\/pages\/141","targetHints":{"allow":["GET"]}}],"collection":[{"href":"https:\/\/markuseinolf.de\/index.php?rest_route=\/wp\/v2\/pages"}],"about":[{"href":"https:\/\/markuseinolf.de\/index.php?rest_route=\/wp\/v2\/types\/page"}],"author":[{"embeddable":true,"href":"https:\/\/markuseinolf.de\/index.php?rest_route=\/wp\/v2\/users\/2"}],"replies":[{"embeddable":true,"href":"https:\/\/markuseinolf.de\/index.php?rest_route=%2Fwp%2Fv2%2Fcomments&post=141"}],"version-history":[{"count":8,"href":"https:\/\/markuseinolf.de\/index.php?rest_route=\/wp\/v2\/pages\/141\/revisions"}],"predecessor-version":[{"id":265,"href":"https:\/\/markuseinolf.de\/index.php?rest_route=\/wp\/v2\/pages\/141\/revisions\/265"}],"up":[{"embeddable":true,"href":"https:\/\/markuseinolf.de\/index.php?rest_route=\/wp\/v2\/pages\/53"}],"wp:featuredmedia":[{"embeddable":true,"href":"https:\/\/markuseinolf.de\/index.php?rest_route=\/wp\/v2\/media\/220"}],"wp:attachment":[{"href":"https:\/\/markuseinolf.de\/index.php?rest_route=%2Fwp%2Fv2%2Fmedia&parent=141"}],"curies":[{"name":"wp","href":"https:\/\/api.w.org\/{rel}","templated":true}]}}