{"id":128,"date":"2011-10-28T12:49:42","date_gmt":"2011-10-28T12:49:42","guid":{"rendered":"http:\/\/markuseinolf.de\/praxis\/?page_id=128"},"modified":"2012-03-03T11:36:53","modified_gmt":"2012-03-03T11:36:53","slug":"impressum","status":"publish","type":"page","link":"https:\/\/markuseinolf.de\/?page_id=128","title":{"rendered":"Impressum"},"content":{"rendered":"<p>Hinweise gem\u00e4\u00df \u00a7 5 TMG<\/p>\n<p>Verantwortlich f\u00fcr den Inhalt:<\/p>\n<p>Markus Einolf<br \/>\nEversbuschstr. 138<br \/>\n80999 M\u00fcnchen<br \/>\nT: 089.81 88 94 07<br \/>\ninfo@markuseinolf.de<\/p>\n<p>Berufsbezeichnung: Heilpraktiker<br \/>\nHeilpraktikererlaubnis in Deutschland erteilt am 03.05.2006 durch das Gesundheitsamt M\u00fcnchen<br \/>\nZust\u00e4ndige Aufsichtsbeh\u00f6rde: Gesundheitsamt M\u00fcnchen, Bayerstr. 28, 80335 M\u00fcnchen<\/p>\n<p>Mitglied im Heilpraktikerverband Bayern e.V.<br \/>\nBaumkirchnerstr. 20\/Rgb.<br \/>\n81673 M\u00fcnchen<\/p>\n<p>Mitgliedsnummer: 18886<\/p>\n<p>Rechtsgrundlagen:<br \/>\nGesetz u\u0308ber die berufsma\u0308\u00dfige Ausu\u0308bung der Heilkunde ohne Bestallung (Heilpraktikergesetz, BGBl. III 2122-2)<br \/>\nDurchfu\u0308hrungsverordnung zum Heilpraktikergesetz (BGBl. III 2122-2-1)<br \/>\nBerufsordnung fu\u0308r Heilpraktiker (BOH)<br \/>\nerh\u00e4ltlich bei:<br \/>\n<a href=\"http:\/\/www.heilpraktiker.org\/\">Fachverband Deutscher Heilpraktiker<\/a><br \/>\nMaarweg 10, 53123 Bonn<\/p>\n<p>HAFTUNGSHINWEIS:<\/p>\n<p>Trotz sorgf\u00e4lltiger inhaltlicher Kontrolle \u00fcbernehme ich keine Haftung f\u00fcr die Inhalte externer Links. F\u00fcr den Inhalt der verlinkten Seiten sind ausschlie\u00dflich deren Betreiber verantwortlich.<\/p>\n<p>Ich danke der K\u00fcnstlerin <a href=\"http:\/\/www.onjasmoi.de\/\">Onjasmoi<\/a> f\u00fcr ihre Bilder!<\/p>\n<p>Design und Programmierung:<br \/>\n<a href=\"http:\/\/visual-works.de\/\">Florian Gr\u00fcndel<\/a><\/p>\n","protected":false},"excerpt":{"rendered":"<p>Hinweise gem\u00e4\u00df \u00a7 5 TMG Verantwortlich f\u00fcr den Inhalt: Markus Einolf Eversbuschstr. 138 80999 M\u00fcnchen T: 089.81 88 94 07 info@markuseinolf.de Berufsbezeichnung: Heilpraktiker Heilpraktikererlaubnis in Deutschland erteilt am 03.05.2006 durch das Gesundheitsamt M\u00fcnchen Zust\u00e4ndige Aufsichtsbeh\u00f6rde: Gesundheitsamt M\u00fcnchen, Bayerstr. 28, 80335 &hellip; <a href=\"https:\/\/markuseinolf.de\/?page_id=128\">Weiterlesen <span class=\"meta-nav\">&rarr;<\/span><\/a><\/p>\n","protected":false},"author":2,"featured_media":0,"parent":0,"menu_order":0,"comment_status":"closed","ping_status":"closed","template":"","meta":{"footnotes":""},"class_list":["post-128","page","type-page","status-publish","hentry"],"_links":{"self":[{"href":"https:\/\/markuseinolf.de\/index.php?rest_route=\/wp\/v2\/pages\/128","targetHints":{"allow":["GET"]}}],"collection":[{"href":"https:\/\/markuseinolf.de\/index.php?rest_route=\/wp\/v2\/pages"}],"about":[{"href":"https:\/\/markuseinolf.de\/index.php?rest_route=\/wp\/v2\/types\/page"}],"author":[{"embeddable":true,"href":"https:\/\/markuseinolf.de\/index.php?rest_route=\/wp\/v2\/users\/2"}],"replies":[{"embeddable":true,"href":"https:\/\/markuseinolf.de\/index.php?rest_route=%2Fwp%2Fv2%2Fcomments&post=128"}],"version-history":[{"count":17,"href":"https:\/\/markuseinolf.de\/index.php?rest_route=\/wp\/v2\/pages\/128\/revisions"}],"predecessor-version":[{"id":302,"href":"https:\/\/markuseinolf.de\/index.php?rest_route=\/wp\/v2\/pages\/128\/revisions\/302"}],"wp:attachment":[{"href":"https:\/\/markuseinolf.de\/index.php?rest_route=%2Fwp%2Fv2%2Fmedia&parent=128"}],"curies":[{"name":"wp","href":"https:\/\/api.w.org\/{rel}","templated":true}]}}