{"id":122,"date":"2011-10-28T09:59:00","date_gmt":"2011-10-28T09:59:00","guid":{"rendered":"http:\/\/markuseinolf.de\/praxis\/?page_id=122"},"modified":"2017-09-21T06:53:26","modified_gmt":"2017-09-21T06:53:26","slug":"homoosiniatrie","status":"publish","type":"page","link":"https:\/\/markuseinolf.de\/?page_id=122","title":{"rendered":"Hom\u00f6osiniatrie"},"content":{"rendered":"<p class=\"p3\"><span class=\"s2\">Konzept und Wirkung<\/span><\/p>\n<p class=\"p1\"><span class=\"s1\">Die Hom\u00f6osiniatrie ist eine Kombination aus Akupunktur und Hom\u00f6opathie, der Begriff setzt sich zusammen aus \u201eHom\u00f6o\u201c (Hom\u00f6opathie), \u201eSin\u201c (Sinologie = Chinakunde) und \u201eIatros\u201c (griech = Arzt). Begr\u00fcndet wurde die Methode zu Anfang des 20. Jahrhunderts von dem franz\u00f6sischen Arzt Roger de la Fuye (1880-1961). Sie basiert auf Erkenntnissen seines deutschen Kollegen August Weihe (1840-1896), der schon 1886 einen Zusammenhang zwischen organisch-seelischen St\u00f6rungen und schmerzhaften Druckpunkten (Weihesche Druckpunkte) sah, die mit hom\u00f6opathischen Mitteln behandelt werden konnten. De la Fuye, Begr\u00fcnder der franz\u00f6sischen Akupunkturbewegung, erkannte eine \u00dcbereinstimmung zwischen den Weiheschen Druckpunkten und den Akupunkturpunkten der Traditionellen Chinesischen Medizin.<\/span><\/p>\n<p class=\"p1\"><span class=\"s1\">Heute versteht man unter dem Begriff Hom\u00f6osiniatrie die Injektion (Einspritzung) von hom\u00f6opathischen Mitteln in Akupunkturpunkte, entlang der Meridianlaufbahnen bzw. in Organreaktions- oder Narbenst\u00f6rfelder. Gem\u00e4\u00df den Erkenntnissen der Traditionellen Chinesischen Medizin und der Akupunktur st\u00e4rkt und harmonisiert die Hom\u00f6osiniatrie den Fluss der Lebensenergie Qi, regt Regulationsprozesse im K\u00f6rper an bzw. nimmt reflektorisch Einfluss auf innere Abl\u00e4ufe und Organe, die mit den entsprechenden hom\u00f6opathischen Mitteln gezielt beeinflusst werden k\u00f6nnen. Beide Therapieformen erg\u00e4nzen und verst\u00e4rken sich in ihrer Wirkung, sind jedoch f\u00fcr den Patienten durch die gute Vertr\u00e4glichkeit besonders schonend.<\/span><\/p>\n<p class=\"p1\"><span class=\"s1\">Ein wissenschaftlicher Nachweis f\u00fcr die Wirksamkeit der Hom\u00f6osiniatrie steht noch aus. Heilpraktiker und Patienten berichten aber \u00fcbereinstimmend von guten Erfahrungen mit der Therapie.<\/span><\/p>\n<p class=\"p1\"><span class=\"s3\">Anwendung<br \/>\n<\/span><span class=\"s1\">Die Behandlung \u00e4hnelt einer Akupunkturbehandlung, statt einer Nadel wird bei der Hom\u00f6osiniatrie eine Kan\u00fcle verwendet, durch die das hom\u00f6opathische Mittel injiziert (eingespritzt) wird. Durch die Injektion entsteht eine mit dem hom\u00f6opathischen Mittel gef\u00fcllte Hautquaddel, die \u00fcber einen Zeitraum von bis zu 48 Stunden den gew\u00fcnschten therapeutischen Reiz aus\u00fcbt.<\/span><\/p>\n<p class=\"p1\"><span class=\"s1\">Abh\u00e4ngig von der vorherigen, ausf\u00fchrlichen Diagnose durch Ihren Heilpraktiker k\u00f6nnen pro Sitzung mehrere Quaddeln gesetzt werden. Die Anzahl der Behandlungen richtet sich ebenfalls nach der Diagnose, i. d. R. reichen 10-15 Sitzungen, bei akuten Beschwerden auch 2-5.<\/span><\/p>\n<p class=\"p3\"><span class=\"s2\">Anwendungsbeispiele (alphabetisch)<\/span><\/p>\n<ul class=\"ul1\">\n<li class=\"li1\"><span class=\"s1\">Bronchitis<\/span><\/li>\n<li class=\"li1\"><span class=\"s1\">Energetischen Blockaden<\/span><\/li>\n<li class=\"li1\"><span class=\"s1\">Gelenkschmerzen<\/span><\/li>\n<li class=\"li1\"><span class=\"s1\">Gesichtschmerzen<\/span><\/li>\n<li class=\"li1\"><span class=\"s1\">Kopfschmerzen<\/span><\/li>\n<li class=\"li1\"><span class=\"s1\">Magenbeschwerden<\/span><\/li>\n<li class=\"li1\"><span class=\"s1\">Menstruationsbeschwerden<\/span><\/li>\n<li class=\"li1\"><span class=\"s1\">Migr\u00e4ne<\/span><\/li>\n<li class=\"li1\"><span class=\"s1\">Nervenschmerzen<\/span><\/li>\n<li class=\"li1\"><span class=\"s1\">R\u00fcckenschmerzen<\/span><\/li>\n<li class=\"li1\"><span class=\"s1\">Schmerzzust\u00e4nden allg. (v. a. chronisch)<\/span><\/li>\n<li class=\"li1\"><span class=\"s1\">Tinnitus (Ohrger\u00e4uschen)<\/span><\/li>\n<li class=\"li1\"><span class=\"s1\">Vegetativen Beschwerden<\/span><\/li>\n<\/ul>\n<p class=\"p3\"><span class=\"s2\">Gegenanzeigen\/Kontraindikationen, Nebenwirkungen und Risiken<\/span><\/p>\n<p class=\"p1\"><span class=\"s1\">Die Hom\u00f6osiniatrie ist nicht als alleinige Therapie bei schweren, ernsthaften Erkrankungen geeignet. Dennoch kann sie h\u00e4ufig auch in diesen F\u00e4llen begleitend in Absprache mit dem behandelnden Heilpraktiker oder Arzt eingesetzt werden.<\/span><\/p>\n<p class=\"p1\"><span class=\"s1\">Nicht angewendet werden sollte die Hom\u00f6osiniatrie bei Kindern unter 12 Jahren und stark geschw\u00e4chten Patienten. Auch bestimmte Hauterkrankungen (z. B. Ekzeme) an den lokalen Einstichstellen, Nervenerkrankungen (z. B. Sensibilit\u00e4tsst\u00f6rungen), schwere psychische Erkrankungen (z. B. Psychosen) oder Epilepsie schlie\u00dfen eine Behandlung aus.<\/span><\/p>\n<p class=\"p1\"><span class=\"s1\">Im Allgemeinen treten bei sachgem\u00e4\u00dfer Anwendung kaum Nebenwirkungen auf. Menschen mit sehr niedrigem Blutdruck oder Neigung zu Kollaps sollten sicherheitshalber w\u00e4hrend der Behandlung &#8211; wie h\u00e4ufig ohnehin \u00fcblich &#8211; liegen und danach eine Weile ruhen. Der Einstich selbst kann u. U. schmerzhaft sein, minimal bluten und sich an der Einstichstelle evtl. ein H\u00e4matom (Bluterguss) bilden.<\/span><\/p>\n","protected":false},"excerpt":{"rendered":"<p>Konzept und Wirkung Die Hom\u00f6osiniatrie ist eine Kombination aus Akupunktur und Hom\u00f6opathie, der Begriff setzt sich zusammen aus \u201eHom\u00f6o\u201c (Hom\u00f6opathie), \u201eSin\u201c (Sinologie = Chinakunde) und \u201eIatros\u201c (griech = Arzt). Begr\u00fcndet wurde die Methode zu Anfang des 20. Jahrhunderts von dem &hellip; <a href=\"https:\/\/markuseinolf.de\/?page_id=122\">Weiterlesen <span class=\"meta-nav\">&rarr;<\/span><\/a><\/p>\n","protected":false},"author":2,"featured_media":206,"parent":41,"menu_order":0,"comment_status":"closed","ping_status":"closed","template":"","meta":{"footnotes":""},"class_list":["post-122","page","type-page","status-publish","has-post-thumbnail","hentry"],"_links":{"self":[{"href":"https:\/\/markuseinolf.de\/index.php?rest_route=\/wp\/v2\/pages\/122","targetHints":{"allow":["GET"]}}],"collection":[{"href":"https:\/\/markuseinolf.de\/index.php?rest_route=\/wp\/v2\/pages"}],"about":[{"href":"https:\/\/markuseinolf.de\/index.php?rest_route=\/wp\/v2\/types\/page"}],"author":[{"embeddable":true,"href":"https:\/\/markuseinolf.de\/index.php?rest_route=\/wp\/v2\/users\/2"}],"replies":[{"embeddable":true,"href":"https:\/\/markuseinolf.de\/index.php?rest_route=%2Fwp%2Fv2%2Fcomments&post=122"}],"version-history":[{"count":8,"href":"https:\/\/markuseinolf.de\/index.php?rest_route=\/wp\/v2\/pages\/122\/revisions"}],"predecessor-version":[{"id":257,"href":"https:\/\/markuseinolf.de\/index.php?rest_route=\/wp\/v2\/pages\/122\/revisions\/257"}],"up":[{"embeddable":true,"href":"https:\/\/markuseinolf.de\/index.php?rest_route=\/wp\/v2\/pages\/41"}],"wp:featuredmedia":[{"embeddable":true,"href":"https:\/\/markuseinolf.de\/index.php?rest_route=\/wp\/v2\/media\/206"}],"wp:attachment":[{"href":"https:\/\/markuseinolf.de\/index.php?rest_route=%2Fwp%2Fv2%2Fmedia&parent=122"}],"curies":[{"name":"wp","href":"https:\/\/api.w.org\/{rel}","templated":true}]}}