{"id":119,"date":"2011-10-28T09:57:13","date_gmt":"2011-10-28T09:57:13","guid":{"rendered":"http:\/\/markuseinolf.de\/praxis\/?page_id=119"},"modified":"2026-01-29T10:43:23","modified_gmt":"2026-01-29T10:43:23","slug":"kosten","status":"publish","type":"page","link":"https:\/\/markuseinolf.de\/?page_id=119","title":{"rendered":"Kosten"},"content":{"rendered":"<p><strong><span style=\"text-decoration: underline;\">Naturheilkunde:<\/span><\/strong><\/p>\n<p>Die Kosten der Erstaufnahme f\u00fcr Selbstzahler (gesetzlich Versicherte) betragen \u20ac 140,- . Diese werden von den gesetzlichen Krankenkassen nicht erstattet.<br \/>\nDie Erstaufnahme umfasst die Anamnese , eine eingehende k\u00f6rperliche Untersuchung und eine Probebehandlung.<\/p>\n<p>Privatversicherte Patienten erhalten das Honorar des Heilpraktikers in der Regel, zu den mit der Versicherung vereinbarten Konditionen, zur\u00fcck. Bitte erkundigen Sie sich bei der Krankenkasse, nach welchem Satz Heilpraktikerkosten erstattet werden. Die von mir gestellte Rechnung richtet sich nach der Geb\u00fchrenordnung f\u00fcr Heilpraktiker von 1985 (Geb\u00fcH `85).<\/p>\n<p>Zusatzversicherungen f\u00fcr Heilpraktiker \u00fcbernehmen das Honorar zum vereinbarten Satz.<\/p>\n<p><span style=\"text-decoration: underline;\"><strong>Physiotherapie:<\/strong><\/span><\/p>\n<p>Die Abrechnung erfolgt <strong>nur \u00fcber Privatversicherungen<\/strong>, Kassenrezepte k\u00f6nnen nicht angenommen werden.<\/p>\n<p>F\u00fcr weitere Informationen zur Abrechnung und den Kosten <a href=\"https:\/\/markuseinolf.de\/?page_id=36\">kontaktieren<\/a> Sie uns einfach!<\/p>\n","protected":false},"excerpt":{"rendered":"<p>Naturheilkunde: Die Kosten der Erstaufnahme f\u00fcr Selbstzahler (gesetzlich Versicherte) betragen \u20ac 140,- . Diese werden von den gesetzlichen Krankenkassen nicht erstattet. Die Erstaufnahme umfasst die Anamnese , eine eingehende k\u00f6rperliche Untersuchung und eine Probebehandlung. Privatversicherte Patienten erhalten das Honorar des &hellip; <a href=\"https:\/\/markuseinolf.de\/?page_id=119\">Weiterlesen <span class=\"meta-nav\">&rarr;<\/span><\/a><\/p>\n","protected":false},"author":2,"featured_media":0,"parent":0,"menu_order":0,"comment_status":"closed","ping_status":"closed","template":"","meta":{"footnotes":""},"class_list":["post-119","page","type-page","status-publish","hentry"],"_links":{"self":[{"href":"https:\/\/markuseinolf.de\/index.php?rest_route=\/wp\/v2\/pages\/119","targetHints":{"allow":["GET"]}}],"collection":[{"href":"https:\/\/markuseinolf.de\/index.php?rest_route=\/wp\/v2\/pages"}],"about":[{"href":"https:\/\/markuseinolf.de\/index.php?rest_route=\/wp\/v2\/types\/page"}],"author":[{"embeddable":true,"href":"https:\/\/markuseinolf.de\/index.php?rest_route=\/wp\/v2\/users\/2"}],"replies":[{"embeddable":true,"href":"https:\/\/markuseinolf.de\/index.php?rest_route=%2Fwp%2Fv2%2Fcomments&post=119"}],"version-history":[{"count":17,"href":"https:\/\/markuseinolf.de\/index.php?rest_route=\/wp\/v2\/pages\/119\/revisions"}],"predecessor-version":[{"id":741,"href":"https:\/\/markuseinolf.de\/index.php?rest_route=\/wp\/v2\/pages\/119\/revisions\/741"}],"wp:attachment":[{"href":"https:\/\/markuseinolf.de\/index.php?rest_route=%2Fwp%2Fv2%2Fmedia&parent=119"}],"curies":[{"name":"wp","href":"https:\/\/api.w.org\/{rel}","templated":true}]}}