{"id":15,"date":"2011-10-27T14:06:47","date_gmt":"2011-10-27T14:06:47","guid":{"rendered":"http:\/\/markuseinolf.de\/praxis\/?page_id=15"},"modified":"2012-07-29T09:45:13","modified_gmt":"2012-07-29T09:45:13","slug":"strukturelle-osteopathie","status":"publish","type":"page","link":"https:\/\/markuseinolf.de\/?page_id=15","title":{"rendered":"Osteopathie"},"content":{"rendered":"<p>Die osteopatische Medizin ist eine Wissenschaft, eine Kunst und eine Philosophie der Gesundheitspflege.<br \/>\nDie Besonderheit besteht darin, dass sie eine Therapie anwendet, die eine Reharmonisierung der Mobilit\u00e4tsverh\u00e4ltnisse und Bewegung der anatomischen Strukturen anstrebt.<\/p>\n<p>Die Philosophie enth\u00e4lt das Konzept der Einheit der Struktur des lebenden Organismus und seinen Funktionen.<br \/>\nDie Kunst umfasst die Anwendung dieses Konzepts in allen Bereichen und Spezialisierungen der medizinischen Praxis.<br \/>\nDie Wissenschaft umfasst unter anderem Verhaltenskenntnis, die Kenntnis chemischer, physikalischer und biologischer Inhalte, mit Bezug auf die Widerherstellung und Erhaltung von Gesundheit, sowie auf die Pr\u00e4vention der Krankheit und ihre Linderung.<\/p>\n","protected":false},"excerpt":{"rendered":"<p>Die osteopatische Medizin ist eine Wissenschaft, eine Kunst und eine Philosophie der Gesundheitspflege. Die Besonderheit besteht darin, dass sie eine Therapie anwendet, die eine Reharmonisierung der Mobilit\u00e4tsverh\u00e4ltnisse und Bewegung der anatomischen Strukturen anstrebt. Die Philosophie enth\u00e4lt das Konzept der Einheit &hellip; <a href=\"https:\/\/markuseinolf.de\/?page_id=15\">Weiterlesen <span class=\"meta-nav\">&rarr;<\/span><\/a><\/p>\n","protected":false},"author":1,"featured_media":206,"parent":41,"menu_order":0,"comment_status":"closed","ping_status":"closed","template":"","meta":{"footnotes":""},"class_list":["post-15","page","type-page","status-publish","has-post-thumbnail","hentry"],"_links":{"self":[{"href":"https:\/\/markuseinolf.de\/index.php?rest_route=\/wp\/v2\/pages\/15","targetHints":{"allow":["GET"]}}],"collection":[{"href":"https:\/\/markuseinolf.de\/index.php?rest_route=\/wp\/v2\/pages"}],"about":[{"href":"https:\/\/markuseinolf.de\/index.php?rest_route=\/wp\/v2\/types\/page"}],"author":[{"embeddable":true,"href":"https:\/\/markuseinolf.de\/index.php?rest_route=\/wp\/v2\/users\/1"}],"replies":[{"embeddable":true,"href":"https:\/\/markuseinolf.de\/index.php?rest_route=%2Fwp%2Fv2%2Fcomments&post=15"}],"version-history":[{"count":7,"href":"https:\/\/markuseinolf.de\/index.php?rest_route=\/wp\/v2\/pages\/15\/revisions"}],"predecessor-version":[{"id":346,"href":"https:\/\/markuseinolf.de\/index.php?rest_route=\/wp\/v2\/pages\/15\/revisions\/346"}],"up":[{"embeddable":true,"href":"https:\/\/markuseinolf.de\/index.php?rest_route=\/wp\/v2\/pages\/41"}],"wp:featuredmedia":[{"embeddable":true,"href":"https:\/\/markuseinolf.de\/index.php?rest_route=\/wp\/v2\/media\/206"}],"wp:attachment":[{"href":"https:\/\/markuseinolf.de\/index.php?rest_route=%2Fwp%2Fv2%2Fmedia&parent=15"}],"curies":[{"name":"wp","href":"https:\/\/api.w.org\/{rel}","templated":true}]}}